{"id":7,"date":"2025-04-29T10:39:08","date_gmt":"2025-04-29T08:39:08","guid":{"rendered":"https:\/\/guidesudret.fr\/?page_id=7"},"modified":"2025-04-29T11:01:09","modified_gmt":"2025-04-29T09:01:09","slug":"marie-catherine-sudret","status":"publish","type":"page","link":"https:\/\/guidesudret.fr\/?page_id=7","title":{"rendered":"Les croyances et des traditions, un monde merveilleux en Gironde"},"content":{"rendered":"\n<p>Bienvenue dans le monde merveilleux de <strong>Marie-Catherine Sudret<\/strong> Raconteuse des croyances, Passeuse des traditions, Guide des patrimoines immat\u00e9riels et conf\u00e9renci\u00e8re.<\/p>\n\n\n\n<p>Ici l\u2019Histoire et les l\u00e9gendes se racontent, les d\u00e9couvertes donnent l\u2019impression d\u2019\u00eatre dans un univers inexplor\u00e9. Les merveilles se cachent sous nos yeux et de ne demandent qu\u2019\u00e0 \u00eatre r\u00e9v\u00e9l\u00e9e. Avec ravissement la magie op\u00e8re, la compr\u00e9hension historique devient un jeu d\u2019enfant, l\u2019exploration des lieux pourtant connus r\u00e9v\u00e8le des aspects secrets, enchanteurs.<\/p>\n\n\n\n<p>Osez-vous laisser happer par une d\u00e9couverte originale qui vous m\u00e8nera hors du temps, vers des mondes enchanteurs. &nbsp;<\/p>\n\n\n\n<p>M\u00e9diatrice du patrimoine depuis plus de 30 ans et guide ind\u00e9pendante depuis 2012, les recherches sur l&#8217;histoire locale des sites historiques r\u00e9gionaux ont amen\u00e9es Marie-Catherine Sudret \u00e0 d\u00e9couvrir les vieilles coutumes, le folklore, les l\u00e9gendes dont elle a fait sa passion. Raconteuse d&#8217;histoires anciennes entre contes et l\u00e9gendes, toujours historiques.  Marie-Catherine Sudret est dipl\u00f4m\u00e9e de la licence D\u00e9veloppement et protection du patrimoine de l&#8217;universit\u00e9 polytechnique des Hauts de France.<\/p>\n\n\n\n<p>Le calendrier des d\u00e9couvertes est ouvert \u00e0 toutes et tous. Marie-Catherine Sudret reste la disposition des groupes pour programmer une des visites au choix. Pour nous contacter : un num\u00e9ro de t\u00e9l\u00e9phone 06 80 81 56 63 et un mail : contact@guidesudret.fr<\/p>\n\n\n\n<div class=\"wp-block-group alignfull has-contrast-color has-text-color is-vertical is-content-justification-center is-layout-flex wp-container-core-group-is-layout-f1198d31 wp-block-group-is-layout-flex\" style=\"min-height:40vh;margin-top:0;margin-bottom:0;padding-top:var(--wp--preset--spacing--60);padding-right:var(--wp--preset--spacing--50);padding-bottom:var(--wp--preset--spacing--60);padding-left:var(--wp--preset--spacing--50)\"><div style=\"margin-bottom:6px;\" class=\"is-default-size aligncenter wp-block-site-logo\"><a href=\"https:\/\/guidesudret.fr\/\" class=\"custom-logo-link\" rel=\"home\"><img loading=\"lazy\" decoding=\"async\" width=\"464\" height=\"251\" src=\"https:\/\/guidesudret.fr\/wp-content\/uploads\/2025\/04\/Guide-Sudret-2024.png\" class=\"custom-logo\" alt=\"Guidesudret\" srcset=\"https:\/\/guidesudret.fr\/wp-content\/uploads\/2025\/04\/Guide-Sudret-2024.png 464w, https:\/\/guidesudret.fr\/wp-content\/uploads\/2025\/04\/Guide-Sudret-2024-300x162.png 300w\" sizes=\"auto, (max-width: 464px) 100vw, 464px\" \/><\/a><\/div>\n\n\n<p class=\"has-text-align-center has-medium-font-size\">Proudly powered by <a href=\"https:\/\/wordpress.org\">WordPress<\/a><\/p>\n\n\n\n<ul class=\"wp-block-social-links has-normal-icon-size is-style-logos-only is-nowrap is-layout-flex wp-container-core-social-links-is-layout-53bee8aa wp-block-social-links-is-layout-flex\"><li class=\"wp-social-link wp-social-link-facebook  wp-block-social-link\"><a href=\"\" class=\"wp-block-social-link-anchor\"><svg width=\"24\" height=\"24\" viewBox=\"0 0 24 24\" version=\"1.1\" xmlns=\"http:\/\/www.w3.org\/2000\/svg\" aria-hidden=\"true\" focusable=\"false\"><path d=\"M12 2C6.5 2 2 6.5 2 12c0 5 3.7 9.1 8.4 9.9v-7H7.9V12h2.5V9.8c0-2.5 1.5-3.9 3.8-3.9 1.1 0 2.2.2 2.2.2v2.5h-1.3c-1.2 0-1.6.8-1.6 1.6V12h2.8l-.4 2.9h-2.3v7C18.3 21.1 22 17 22 12c0-5.5-4.5-10-10-10z\"><\/path><\/svg><span class=\"wp-block-social-link-label screen-reader-text\">Facebook<\/span><\/a><\/li>\n\n<li class=\"wp-social-link wp-social-link-instagram  wp-block-social-link\"><a href=\"https:\/\/www.instagram.com\/mariecatherinesudret\/\" class=\"wp-block-social-link-anchor\"><svg width=\"24\" height=\"24\" viewBox=\"0 0 24 24\" version=\"1.1\" xmlns=\"http:\/\/www.w3.org\/2000\/svg\" aria-hidden=\"true\" focusable=\"false\"><path d=\"M12,4.622c2.403,0,2.688,0.009,3.637,0.052c0.877,0.04,1.354,0.187,1.671,0.31c0.42,0.163,0.72,0.358,1.035,0.673 c0.315,0.315,0.51,0.615,0.673,1.035c0.123,0.317,0.27,0.794,0.31,1.671c0.043,0.949,0.052,1.234,0.052,3.637 s-0.009,2.688-0.052,3.637c-0.04,0.877-0.187,1.354-0.31,1.671c-0.163,0.42-0.358,0.72-0.673,1.035 c-0.315,0.315-0.615,0.51-1.035,0.673c-0.317,0.123-0.794,0.27-1.671,0.31c-0.949,0.043-1.233,0.052-3.637,0.052 s-2.688-0.009-3.637-0.052c-0.877-0.04-1.354-0.187-1.671-0.31c-0.42-0.163-0.72-0.358-1.035-0.673 c-0.315-0.315-0.51-0.615-0.673-1.035c-0.123-0.317-0.27-0.794-0.31-1.671C4.631,14.688,4.622,14.403,4.622,12 s0.009-2.688,0.052-3.637c0.04-0.877,0.187-1.354,0.31-1.671c0.163-0.42,0.358-0.72,0.673-1.035 c0.315-0.315,0.615-0.51,1.035-0.673c0.317-0.123,0.794-0.27,1.671-0.31C9.312,4.631,9.597,4.622,12,4.622 M12,3 C9.556,3,9.249,3.01,8.289,3.054C7.331,3.098,6.677,3.25,6.105,3.472C5.513,3.702,5.011,4.01,4.511,4.511 c-0.5,0.5-0.808,1.002-1.038,1.594C3.25,6.677,3.098,7.331,3.054,8.289C3.01,9.249,3,9.556,3,12c0,2.444,0.01,2.751,0.054,3.711 c0.044,0.958,0.196,1.612,0.418,2.185c0.23,0.592,0.538,1.094,1.038,1.594c0.5,0.5,1.002,0.808,1.594,1.038 c0.572,0.222,1.227,0.375,2.185,0.418C9.249,20.99,9.556,21,12,21s2.751-0.01,3.711-0.054c0.958-0.044,1.612-0.196,2.185-0.418 c0.592-0.23,1.094-0.538,1.594-1.038c0.5-0.5,0.808-1.002,1.038-1.594c0.222-0.572,0.375-1.227,0.418-2.185 C20.99,14.751,21,14.444,21,12s-0.01-2.751-0.054-3.711c-0.044-0.958-0.196-1.612-0.418-2.185c-0.23-0.592-0.538-1.094-1.038-1.594 c-0.5-0.5-1.002-0.808-1.594-1.038c-0.572-0.222-1.227-0.375-2.185-0.418C14.751,3.01,14.444,3,12,3L12,3z M12,7.378 c-2.552,0-4.622,2.069-4.622,4.622S9.448,16.622,12,16.622s4.622-2.069,4.622-4.622S14.552,7.378,12,7.378z M12,15 c-1.657,0-3-1.343-3-3s1.343-3,3-3s3,1.343,3,3S13.657,15,12,15z M16.804,6.116c-0.596,0-1.08,0.484-1.08,1.08 s0.484,1.08,1.08,1.08c0.596,0,1.08-0.484,1.08-1.08S17.401,6.116,16.804,6.116z\"><\/path><\/svg><span class=\"wp-block-social-link-label screen-reader-text\">Instagram<\/span><\/a><\/li><\/ul>\n<\/div>\n\n\n\n<p><\/p>\n","protected":false},"excerpt":{"rendered":"<p>Bienvenue dans le monde merveilleux de Marie-Catherine Sudret Raconteuse des croyances, Passeuse des traditions, Guide des patrimoines immat\u00e9riels et conf\u00e9renci\u00e8re. Ici l\u2019Histoire et les l\u00e9gendes se racontent, les d\u00e9couvertes donnent l\u2019impression d\u2019\u00eatre dans un univers inexplor\u00e9. Les merveilles se cachent sous nos yeux et de ne demandent qu\u2019\u00e0 \u00eatre r\u00e9v\u00e9l\u00e9e. Avec ravissement la magie op\u00e8re,&#8230;<\/p>\n","protected":false},"author":1,"featured_media":8,"parent":0,"menu_order":0,"comment_status":"closed","ping_status":"closed","template":"","meta":{"_kadence_starter_templates_imported_post":false,"_kad_post_transparent":"","_kad_post_title":"default","_kad_post_layout":"right","_kad_post_sidebar_id":"","_kad_post_content_style":"","_kad_post_vertical_padding":"","_kad_post_feature":"show","_kad_post_feature_position":"","_kad_post_header":false,"_kad_post_footer":false,"footnotes":""},"class_list":["post-7","page","type-page","status-publish","has-post-thumbnail","hentry"],"_links":{"self":[{"href":"https:\/\/guidesudret.fr\/index.php?rest_route=\/wp\/v2\/pages\/7","targetHints":{"allow":["GET"]}}],"collection":[{"href":"https:\/\/guidesudret.fr\/index.php?rest_route=\/wp\/v2\/pages"}],"about":[{"href":"https:\/\/guidesudret.fr\/index.php?rest_route=\/wp\/v2\/types\/page"}],"author":[{"embeddable":true,"href":"https:\/\/guidesudret.fr\/index.php?rest_route=\/wp\/v2\/users\/1"}],"replies":[{"embeddable":true,"href":"https:\/\/guidesudret.fr\/index.php?rest_route=%2Fwp%2Fv2%2Fcomments&post=7"}],"version-history":[{"count":8,"href":"https:\/\/guidesudret.fr\/index.php?rest_route=\/wp\/v2\/pages\/7\/revisions"}],"predecessor-version":[{"id":18,"href":"https:\/\/guidesudret.fr\/index.php?rest_route=\/wp\/v2\/pages\/7\/revisions\/18"}],"wp:featuredmedia":[{"embeddable":true,"href":"https:\/\/guidesudret.fr\/index.php?rest_route=\/wp\/v2\/media\/8"}],"wp:attachment":[{"href":"https:\/\/guidesudret.fr\/index.php?rest_route=%2Fwp%2Fv2%2Fmedia&parent=7"}],"curies":[{"name":"wp","href":"https:\/\/api.w.org\/{rel}","templated":true}]}}